{"id":1153,"date":"2023-08-06T13:21:09","date_gmt":"2023-08-06T13:21:09","guid":{"rendered":"http:\/\/www.adapazarires.com\/index.php\/isg-politikamiz-copy\/"},"modified":"2025-09-24T13:23:11","modified_gmt":"2025-09-24T13:23:11","slug":"misyon-vizyon","status":"publish","type":"page","link":"https:\/\/sileres.com\/index.php\/misyon-vizyon\/","title":{"rendered":"Misyonumuz \/ Vizyonumuz \/ De\u011ferler"},"content":{"rendered":"\t\t<div data-elementor-type=\"wp-page\" data-elementor-id=\"1153\" class=\"elementor elementor-1153\">\n\t\t\t\t\t\t<section class=\"elementor-section elementor-top-section elementor-element elementor-element-623ea53 elementor-section-boxed elementor-section-height-default elementor-section-height-default\" data-id=\"623ea53\" data-element_type=\"section\" data-settings=\"{&quot;background_background&quot;:&quot;classic&quot;}\">\n\t\t\t\t\t\t\t<div class=\"elementor-background-overlay\"><\/div>\n\t\t\t\t\t\t\t<div class=\"elementor-container elementor-column-gap-no\">\n\t\t\t\t\t<div class=\"elementor-column elementor-col-100 elementor-top-column elementor-element elementor-element-21ddeff\" data-id=\"21ddeff\" data-element_type=\"column\">\n\t\t\t<div class=\"elementor-widget-wrap elementor-element-populated\">\n\t\t\t\t\t\t<div class=\"elementor-element elementor-element-a09d3bc elementor-widget elementor-widget-heading\" data-id=\"a09d3bc\" data-element_type=\"widget\" data-widget_type=\"heading.default\">\n\t\t\t\t<div class=\"elementor-widget-container\">\n\t\t\t\t\t<h1 class=\"elementor-heading-title elementor-size-default\"><br><br>Misyonumuz \/ Vizyonumuz \/ De\u011ferler<\/h1>\t\t\t\t<\/div>\n\t\t\t\t<\/div>\n\t\t\t\t\t<\/div>\n\t\t<\/div>\n\t\t\t\t\t<\/div>\n\t\t<\/section>\n\t\t\t\t<section class=\"elementor-section elementor-top-section elementor-element elementor-element-wnehn1m elementor-section-content-middle elementor-section-boxed elementor-section-height-default elementor-section-height-default\" data-id=\"wnehn1m\" data-element_type=\"section\" data-settings=\"{&quot;background_background&quot;:&quot;classic&quot;}\">\n\t\t\t\t\t\t\t<div class=\"elementor-background-overlay\"><\/div>\n\t\t\t\t\t\t\t<div class=\"elementor-container elementor-column-gap-no\">\n\t\t\t\t\t<div class=\"elementor-column elementor-col-50 elementor-top-column elementor-element elementor-element-9247ec0\" data-id=\"9247ec0\" data-element_type=\"column\">\n\t\t\t<div class=\"elementor-widget-wrap elementor-element-populated\">\n\t\t\t\t\t\t<div class=\"elementor-element elementor-element-f003f55 elementor-widget elementor-widget-heading\" data-id=\"f003f55\" data-element_type=\"widget\" data-widget_type=\"heading.default\">\n\t\t\t\t<div class=\"elementor-widget-container\">\n\t\t\t\t\t<h2 class=\"elementor-heading-title elementor-size-default\">M\u0130SYONUMUZ<\/h2>\t\t\t\t<\/div>\n\t\t\t\t<\/div>\n\t\t\t\t<div class=\"elementor-element elementor-element-aba5f59 elementor-widget elementor-widget-text-editor\" data-id=\"aba5f59\" data-element_type=\"widget\" data-widget_type=\"text-editor.default\">\n\t\t\t\t<div class=\"elementor-widget-container\">\n\t\t\t\t\t\t\t\t\t<p>\u00dclkemizin artan enerji talebini, gelinen son teknolojiyi kullanarak, yenilenebilir enerji kaynaklar\u0131 ile enerji \u00fcretimi sa\u011flay\u0131p, karbon ayak izi b\u0131rakmadan; m\u00fckemmellik ve s\u00fcrekli iyile\u015ftirme k\u00fclt\u00fcr\u00fcn\u00fc t\u00fcm s\u00fcre\u00e7lerimize yans\u0131tarak sekt\u00f6r\u00fcm\u00fczde lider firma olmak ve rekabet g\u00fcc\u00fcm\u00fcz\u00fc artt\u0131rarak \u00e7evremize, \u00e7al\u0131\u015fanlar\u0131m\u0131za, toplumumuza ve\u00a0 payda\u015flar\u0131m\u0131za zarar vermeden kar\u015f\u0131lamakt\u0131r.\u00a0<\/p>\t\t\t\t\t\t\t\t<\/div>\n\t\t\t\t<\/div>\n\t\t\t\t\t<\/div>\n\t\t<\/div>\n\t\t\t\t<div class=\"elementor-column elementor-col-50 elementor-top-column elementor-element elementor-element-3bcc9c8\" data-id=\"3bcc9c8\" data-element_type=\"column\">\n\t\t\t<div class=\"elementor-widget-wrap elementor-element-populated\">\n\t\t\t\t\t\t<div class=\"elementor-element elementor-element-d2d69e7 elementor-widget elementor-widget-image\" data-id=\"d2d69e7\" data-element_type=\"widget\" data-widget_type=\"image.default\">\n\t\t\t\t<div class=\"elementor-widget-container\">\n\t\t\t\t\t\t\t\t\t\t\t\t\t\t\t<img fetchpriority=\"high\" decoding=\"async\" width=\"1500\" height=\"1000\" src=\"https:\/\/sileres.com\/wp-content\/uploads\/2023\/08\/3.jpg\" class=\"attachment-full size-full wp-image-1169\" alt=\"\" srcset=\"https:\/\/sileres.com\/wp-content\/uploads\/2023\/08\/3.jpg 1500w, https:\/\/sileres.com\/wp-content\/uploads\/2023\/08\/3-300x200.jpg 300w, https:\/\/sileres.com\/wp-content\/uploads\/2023\/08\/3-1024x683.jpg 1024w, https:\/\/sileres.com\/wp-content\/uploads\/2023\/08\/3-768x512.jpg 768w\" sizes=\"(max-width: 1500px) 100vw, 1500px\" \/>\t\t\t\t\t\t\t\t\t\t\t\t\t\t\t<\/div>\n\t\t\t\t<\/div>\n\t\t\t\t\t<\/div>\n\t\t<\/div>\n\t\t\t\t\t<\/div>\n\t\t<\/section>\n\t\t\t\t<section class=\"elementor-section elementor-top-section elementor-element elementor-element-3syqudk elementor-section-full_width elementor-section-content-middle elementor-section-height-default elementor-section-height-default\" data-id=\"3syqudk\" data-element_type=\"section\">\n\t\t\t\t\t\t<div class=\"elementor-container elementor-column-gap-no\">\n\t\t\t\t\t<div class=\"elementor-column elementor-col-33 elementor-top-column elementor-element elementor-element-4b0b81f\" data-id=\"4b0b81f\" data-element_type=\"column\">\n\t\t\t<div class=\"elementor-widget-wrap elementor-element-populated\">\n\t\t\t\t\t\t<div class=\"elementor-element elementor-element-ce174fb elementor-widget elementor-widget-image\" data-id=\"ce174fb\" data-element_type=\"widget\" data-widget_type=\"image.default\">\n\t\t\t\t<div class=\"elementor-widget-container\">\n\t\t\t\t\t\t\t\t\t\t\t\t\t\t\t<img decoding=\"async\" width=\"600\" height=\"400\" src=\"https:\/\/sileres.com\/wp-content\/uploads\/2023\/08\/2.jpg\" class=\"attachment-full size-full wp-image-1168\" alt=\"\" srcset=\"https:\/\/sileres.com\/wp-content\/uploads\/2023\/08\/2.jpg 600w, https:\/\/sileres.com\/wp-content\/uploads\/2023\/08\/2-300x200.jpg 300w\" sizes=\"(max-width: 600px) 100vw, 600px\" \/>\t\t\t\t\t\t\t\t\t\t\t\t\t\t\t<\/div>\n\t\t\t\t<\/div>\n\t\t\t\t\t<\/div>\n\t\t<\/div>\n\t\t\t\t<div class=\"elementor-column elementor-col-66 elementor-top-column elementor-element elementor-element-d891721\" data-id=\"d891721\" data-element_type=\"column\">\n\t\t\t<div class=\"elementor-widget-wrap elementor-element-populated\">\n\t\t\t\t\t\t<div class=\"elementor-element elementor-element-ed31a21 elementor-widget elementor-widget-heading\" data-id=\"ed31a21\" data-element_type=\"widget\" data-widget_type=\"heading.default\">\n\t\t\t\t<div class=\"elementor-widget-container\">\n\t\t\t\t\t<h2 class=\"elementor-heading-title elementor-size-default\">V\u0130ZYONUMUZ<\/h2>\t\t\t\t<\/div>\n\t\t\t\t<\/div>\n\t\t\t\t<div class=\"elementor-element elementor-element-05431fd elementor-widget elementor-widget-accordion\" data-id=\"05431fd\" data-element_type=\"widget\" data-widget_type=\"accordion.default\">\n\t\t\t\t<div class=\"elementor-widget-container\">\n\t\t\t\t\t\t\t<div class=\"elementor-accordion\">\n\t\t\t\t\t\t\t<div class=\"elementor-accordion-item\">\n\t\t\t\t\t<div id=\"elementor-tab-title-5511\" class=\"elementor-tab-title\" data-tab=\"1\" role=\"button\" aria-controls=\"elementor-tab-content-5511\" aria-expanded=\"false\">\n\t\t\t\t\t\t\t\t\t\t\t\t<a class=\"elementor-accordion-title\" tabindex=\"0\"><\/a>\n\t\t\t\t\t<\/div>\n\t\t\t\t\t<div id=\"elementor-tab-content-5511\" class=\"elementor-tab-content elementor-clearfix\" data-tab=\"1\" role=\"region\" aria-labelledby=\"elementor-tab-title-5511\"><p>Enerji sekt\u00f6r\u00fcnde yenilenebilir enerji kaynaklar\u0131 kullan\u0131larak enerji \u00fcretiminde liderli\u011fe ula\u015fmak, m\u00fc\u015fteri memnuniyetini artt\u0131rarak d\u00fcnya klas\u0131nda \u00fcretim ve y\u00f6netim s\u00fcre\u00e7lerine sahip bir firma olma<\/p><\/div>\n\t\t\t\t<\/div>\n\t\t\t\t\t\t\t\t<\/div>\n\t\t\t\t\t\t<\/div>\n\t\t\t\t<\/div>\n\t\t\t\t\t<\/div>\n\t\t<\/div>\n\t\t\t\t\t<\/div>\n\t\t<\/section>\n\t\t\t\t<section class=\"elementor-section elementor-top-section elementor-element elementor-element-hlxrn5z elementor-section-content-middle elementor-section-boxed elementor-section-height-default elementor-section-height-default\" data-id=\"hlxrn5z\" data-element_type=\"section\" data-settings=\"{&quot;background_background&quot;:&quot;classic&quot;}\">\n\t\t\t\t\t\t<div class=\"elementor-container elementor-column-gap-no\">\n\t\t\t\t\t<div class=\"elementor-column elementor-col-50 elementor-top-column elementor-element elementor-element-258231d\" data-id=\"258231d\" data-element_type=\"column\">\n\t\t\t<div class=\"elementor-widget-wrap elementor-element-populated\">\n\t\t\t\t\t\t<div class=\"elementor-element elementor-element-1401102 elementor-widget elementor-widget-heading\" data-id=\"1401102\" data-element_type=\"widget\" data-widget_type=\"heading.default\">\n\t\t\t\t<div class=\"elementor-widget-container\">\n\t\t\t\t\t<h2 class=\"elementor-heading-title elementor-size-default\">DE\u011eERLER\u0130M\u0130Z<\/h2>\t\t\t\t<\/div>\n\t\t\t\t<\/div>\n\t\t\t\t<div class=\"elementor-element elementor-element-4f6265e elementor-widget elementor-widget-text-editor\" data-id=\"4f6265e\" data-element_type=\"widget\" data-widget_type=\"text-editor.default\">\n\t\t\t\t<div class=\"elementor-widget-container\">\n\t\t\t\t\t\t\t\t\t<p>\u00c7evreye Sayg\u0131l\u0131 Olmak<br \/>S\u00fcrekli \u0130yile\u015ftirme\u00a0<br \/>Dinamik Olmak<br \/>Ekip Ruhu ile \u00c7al\u0131\u015fmak<br \/>\u0130\u015fbirli\u011fi Odakl\u0131l\u0131k<br \/>Yenilik\u00e7ilik<br \/>Etik De\u011ferlere Ba\u011fl\u0131l\u0131k<br \/>M\u00fc\u015fteri Odakl\u0131l\u0131k<br \/>G\u00fcvenilir Olmak<br \/>\u0130nsana Sayg\u0131l\u0131 Olmak<\/p>\t\t\t\t\t\t\t\t<\/div>\n\t\t\t\t<\/div>\n\t\t\t\t<div class=\"elementor-element elementor-element-7a2d1e6 elementor-widget-divider--view-line elementor-widget elementor-widget-divider\" data-id=\"7a2d1e6\" data-element_type=\"widget\" data-widget_type=\"divider.default\">\n\t\t\t\t<div class=\"elementor-widget-container\">\n\t\t\t\t\t\t\t<div class=\"elementor-divider\">\n\t\t\t<span class=\"elementor-divider-separator\">\n\t\t\t\t\t\t<\/span>\n\t\t<\/div>\n\t\t\t\t\t\t<\/div>\n\t\t\t\t<\/div>\n\t\t\t\t\t<\/div>\n\t\t<\/div>\n\t\t\t\t<div class=\"elementor-column elementor-col-50 elementor-top-column elementor-element elementor-element-ca44c59\" data-id=\"ca44c59\" data-element_type=\"column\" data-settings=\"{&quot;background_background&quot;:&quot;classic&quot;}\">\n\t\t\t<div class=\"elementor-widget-wrap elementor-element-populated\">\n\t\t\t\t\t\t<div class=\"elementor-element elementor-element-7e01216 elementor-widget__width-initial elementor-widget elementor-widget-image\" data-id=\"7e01216\" data-element_type=\"widget\" data-widget_type=\"image.default\">\n\t\t\t\t<div class=\"elementor-widget-container\">\n\t\t\t\t\t\t\t\t\t\t\t\t\t\t\t<img decoding=\"async\" width=\"1920\" height=\"1280\" src=\"https:\/\/sileres.com\/wp-content\/uploads\/2023\/08\/wind-power-plant2.jpg\" class=\"attachment-full size-full wp-image-965\" alt=\"\" srcset=\"https:\/\/sileres.com\/wp-content\/uploads\/2023\/08\/wind-power-plant2.jpg 1920w, https:\/\/sileres.com\/wp-content\/uploads\/2023\/08\/wind-power-plant2-300x200.jpg 300w, https:\/\/sileres.com\/wp-content\/uploads\/2023\/08\/wind-power-plant2-1024x683.jpg 1024w, https:\/\/sileres.com\/wp-content\/uploads\/2023\/08\/wind-power-plant2-768x512.jpg 768w, https:\/\/sileres.com\/wp-content\/uploads\/2023\/08\/wind-power-plant2-1536x1024.jpg 1536w\" sizes=\"(max-width: 1920px) 100vw, 1920px\" \/>\t\t\t\t\t\t\t\t\t\t\t\t\t\t\t<\/div>\n\t\t\t\t<\/div>\n\t\t\t\t\t<\/div>\n\t\t<\/div>\n\t\t\t\t\t<\/div>\n\t\t<\/section>\n\t\t\t\t<\/div>\n\t\t","protected":false},"excerpt":{"rendered":"<p>Misyonumuz \/ Vizyonumuz \/ De\u011ferler M\u0130SYONUMUZ \u00dclkemizin artan enerji talebini, gelinen son teknolojiyi kullanarak, yenilenebilir enerji kaynaklar\u0131 ile enerji \u00fcretimi sa\u011flay\u0131p, karbon ayak izi b\u0131rakmadan; m\u00fckemmellik ve s\u00fcrekli iyile\u015ftirme k\u00fclt\u00fcr\u00fcn\u00fc t\u00fcm s\u00fcre\u00e7lerimize yans\u0131tarak sekt\u00f6r\u00fcm\u00fczde lider firma olmak ve rekabet g\u00fcc\u00fcm\u00fcz\u00fc artt\u0131rarak \u00e7evremize, \u00e7al\u0131\u015fanlar\u0131m\u0131za, toplumumuza ve\u00a0 payda\u015flar\u0131m\u0131za zarar vermeden kar\u015f\u0131lamakt\u0131r.\u00a0 V\u0130ZYONUMUZ Enerji sekt\u00f6r\u00fcnde yenilenebilir enerji kaynaklar\u0131 &hellip;<\/p>\n<p class=\"read-more\"> <a class=\"\" href=\"https:\/\/sileres.com\/index.php\/misyon-vizyon\/\"> <span class=\"screen-reader-text\">Misyonumuz \/ Vizyonumuz \/ De\u011ferler<\/span> Devam\u0131 &raquo;<\/a><\/p>\n","protected":false},"author":1,"featured_media":0,"parent":0,"menu_order":0,"comment_status":"closed","ping_status":"closed","template":"","meta":{"site-sidebar-layout":"no-sidebar","site-content-layout":"page-builder","ast-global-header-display":"","ast-banner-title-visibility":"","ast-main-header-display":"","ast-hfb-above-header-display":"","ast-hfb-below-header-display":"","ast-hfb-mobile-header-display":"","site-post-title":"disabled","ast-breadcrumbs-content":"disabled","ast-featured-img":"disabled","footer-sml-layout":"","theme-transparent-header-meta":"enabled","adv-header-id-meta":"","stick-header-meta":"","header-above-stick-meta":"","header-main-stick-meta":"","header-below-stick-meta":"","footnotes":""},"class_list":["post-1153","page","type-page","status-publish","hentry"],"_links":{"self":[{"href":"https:\/\/sileres.com\/index.php\/wp-json\/wp\/v2\/pages\/1153","targetHints":{"allow":["GET"]}}],"collection":[{"href":"https:\/\/sileres.com\/index.php\/wp-json\/wp\/v2\/pages"}],"about":[{"href":"https:\/\/sileres.com\/index.php\/wp-json\/wp\/v2\/types\/page"}],"author":[{"embeddable":true,"href":"https:\/\/sileres.com\/index.php\/wp-json\/wp\/v2\/users\/1"}],"replies":[{"embeddable":true,"href":"https:\/\/sileres.com\/index.php\/wp-json\/wp\/v2\/comments?post=1153"}],"version-history":[{"count":19,"href":"https:\/\/sileres.com\/index.php\/wp-json\/wp\/v2\/pages\/1153\/revisions"}],"predecessor-version":[{"id":1298,"href":"https:\/\/sileres.com\/index.php\/wp-json\/wp\/v2\/pages\/1153\/revisions\/1298"}],"wp:attachment":[{"href":"https:\/\/sileres.com\/index.php\/wp-json\/wp\/v2\/media?parent=1153"}],"curies":[{"name":"wp","href":"https:\/\/api.w.org\/{rel}","templated":true}]}}