{"id":1067,"date":"2023-08-06T08:50:02","date_gmt":"2023-08-06T08:50:02","guid":{"rendered":"http:\/\/www.adapazarires.com\/index.php\/cevre-raporlari-copy\/"},"modified":"2025-08-06T14:15:14","modified_gmt":"2025-08-06T14:15:14","slug":"isg-politikamiz","status":"publish","type":"page","link":"https:\/\/sileres.com\/index.php\/isg-politikamiz\/","title":{"rendered":"\u0130sg Politikam\u0131z"},"content":{"rendered":"\t\t<div data-elementor-type=\"wp-page\" data-elementor-id=\"1067\" class=\"elementor elementor-1067\">\n\t\t\t\t\t\t<section class=\"elementor-section elementor-top-section elementor-element elementor-element-623ea53 elementor-section-boxed elementor-section-height-default elementor-section-height-default\" data-id=\"623ea53\" data-element_type=\"section\" data-settings=\"{&quot;background_background&quot;:&quot;classic&quot;}\">\n\t\t\t\t\t\t\t<div class=\"elementor-background-overlay\"><\/div>\n\t\t\t\t\t\t\t<div class=\"elementor-container elementor-column-gap-no\">\n\t\t\t\t\t<div class=\"elementor-column elementor-col-100 elementor-top-column elementor-element elementor-element-21ddeff\" data-id=\"21ddeff\" data-element_type=\"column\">\n\t\t\t<div class=\"elementor-widget-wrap elementor-element-populated\">\n\t\t\t\t\t\t<div class=\"elementor-element elementor-element-a09d3bc elementor-widget elementor-widget-heading\" data-id=\"a09d3bc\" data-element_type=\"widget\" data-widget_type=\"heading.default\">\n\t\t\t\t<div class=\"elementor-widget-container\">\n\t\t\t\t\t<h1 class=\"elementor-heading-title elementor-size-default\"><br><br>\u0130SG Politikam\u0131z<\/h1>\t\t\t\t<\/div>\n\t\t\t\t<\/div>\n\t\t\t\t\t<\/div>\n\t\t<\/div>\n\t\t\t\t\t<\/div>\n\t\t<\/section>\n\t\t\t\t<section class=\"elementor-section elementor-top-section elementor-element elementor-element-3185871 elementor-section-boxed elementor-section-height-default elementor-section-height-default\" data-id=\"3185871\" data-element_type=\"section\">\n\t\t\t\t\t\t<div class=\"elementor-container elementor-column-gap-default\">\n\t\t\t\t\t<div class=\"elementor-column elementor-col-100 elementor-top-column elementor-element elementor-element-adfa8d5\" data-id=\"adfa8d5\" data-element_type=\"column\">\n\t\t\t<div class=\"elementor-widget-wrap\">\n\t\t\t\t\t\t\t<\/div>\n\t\t<\/div>\n\t\t\t\t\t<\/div>\n\t\t<\/section>\n\t\t\t\t<section class=\"elementor-section elementor-top-section elementor-element elementor-element-4711fc3 elementor-section-boxed elementor-section-height-default elementor-section-height-default\" data-id=\"4711fc3\" data-element_type=\"section\">\n\t\t\t\t\t\t<div class=\"elementor-container elementor-column-gap-default\">\n\t\t\t\t\t<div class=\"elementor-column elementor-col-100 elementor-top-column elementor-element elementor-element-0ed75a1\" data-id=\"0ed75a1\" data-element_type=\"column\">\n\t\t\t<div class=\"elementor-widget-wrap elementor-element-populated\">\n\t\t\t\t\t\t<div class=\"elementor-element elementor-element-8945078 elementor-widget elementor-widget-heading\" data-id=\"8945078\" data-element_type=\"widget\" data-widget_type=\"heading.default\">\n\t\t\t\t<div class=\"elementor-widget-container\">\n\t\t\t\t\t<h2 class=\"elementor-heading-title elementor-size-default\">\u0130SG Politikam\u0131z<\/h2>\t\t\t\t<\/div>\n\t\t\t\t<\/div>\n\t\t\t\t\t<\/div>\n\t\t<\/div>\n\t\t\t\t\t<\/div>\n\t\t<\/section>\n\t\t\t\t<section class=\"elementor-section elementor-top-section elementor-element elementor-element-be434f4 elementor-section-boxed elementor-section-height-default elementor-section-height-default\" data-id=\"be434f4\" data-element_type=\"section\">\n\t\t\t\t\t\t<div class=\"elementor-container elementor-column-gap-default\">\n\t\t\t\t\t<div class=\"elementor-column elementor-col-100 elementor-top-column elementor-element elementor-element-07d5a5e\" data-id=\"07d5a5e\" data-element_type=\"column\">\n\t\t\t<div class=\"elementor-widget-wrap elementor-element-populated\">\n\t\t\t\t\t\t<div class=\"elementor-element elementor-element-6ddabfb elementor-widget elementor-widget-icon-box\" data-id=\"6ddabfb\" data-element_type=\"widget\" data-widget_type=\"icon-box.default\">\n\t\t\t\t<div class=\"elementor-widget-container\">\n\t\t\t\t\t\t\t<div class=\"elementor-icon-box-wrapper\">\n\n\t\t\t\n\t\t\t\t\t\t<div class=\"elementor-icon-box-content\">\n\n\t\t\t\t\n\t\t\t\t\t\t\t\t\t<p class=\"elementor-icon-box-description\">\n\t\t\t\t\t\t\u00c7evrim Enerji Yat\u0131r\u0131m \u00dcretim ve Ticaret A.\u015e.. t\u00fcm \u00e7al\u0131\u015fanlar, y\u00fckleniciler ve di\u011fer ziyaret\u00e7iler de d\u00e2hil olmak \u00fczere i\u015fyerinde bulunan herkesin sa\u011fl\u0131k, g\u00fcvenlik ve refah\u0131n\u0131 sa\u011flamay\u0131 taahh\u00fct eder. Bu kapsamdaki taahh\u00fcd\u00fcn\u00fc organizasyon dahilindeki ilgili t\u00fcm faaliyetlerle birle\u015ftirdi\u011fi sa\u011fl\u0131k ve g\u00fcvenlik sistemi yoluyla g\u00f6stermektedir.\n\t\t\t\t\t<\/p>\n\t\t\t\t\n\t\t\t<\/div>\n\t\t\t\n\t\t<\/div>\n\t\t\t\t\t\t<\/div>\n\t\t\t\t<\/div>\n\t\t\t\t<div class=\"elementor-element elementor-element-c1b1454 elementor-widget elementor-widget-icon-box\" data-id=\"c1b1454\" data-element_type=\"widget\" data-widget_type=\"icon-box.default\">\n\t\t\t\t<div class=\"elementor-widget-container\">\n\t\t\t\t\t\t\t<div class=\"elementor-icon-box-wrapper\">\n\n\t\t\t\n\t\t\t\t\t\t<div class=\"elementor-icon-box-content\">\n\n\t\t\t\t\n\t\t\t\t\t\t\t\t\t<p class=\"elementor-icon-box-description\">\n\t\t\t\t\t\t\u00c7evrim Enerji Yat\u0131r\u0131m \u00dcretim ve Ticaret A.\u015e.. i\u00e7erisinde \u00e7al\u0131\u015fanlar, y\u00fckleniciler ve ziyaret\u00e7ilerin dikkat etmeleri gereken g\u00f6revleri vard\u0131r; g\u00fcvenli \u00e7al\u0131\u015fma sorumlulu\u011funu ta\u015f\u0131mak, kendi sa\u011fl\u0131k ve g\u00fcvenlikleri i\u00e7in t\u00fcm makul \u00f6nlemleri almak ve davran\u0131\u015flar\u0131 sonucu etkilenebilecek di\u011fer t\u00fcm insanlar\u0131n sa\u011fl\u0131k ve g\u00fcvenli\u011fini g\u00f6z \u00f6n\u00fcnde bulundurmak.\t\t\t\t\t<\/p>\n\t\t\t\t\n\t\t\t<\/div>\n\t\t\t\n\t\t<\/div>\n\t\t\t\t\t\t<\/div>\n\t\t\t\t<\/div>\n\t\t\t\t<div class=\"elementor-element elementor-element-9a30f28 elementor-widget elementor-widget-icon-box\" data-id=\"9a30f28\" data-element_type=\"widget\" data-widget_type=\"icon-box.default\">\n\t\t\t\t<div class=\"elementor-widget-container\">\n\t\t\t\t\t\t\t<div class=\"elementor-icon-box-wrapper\">\n\n\t\t\t\n\t\t\t\t\t\t<div class=\"elementor-icon-box-content\">\n\n\t\t\t\t\n\t\t\t\t\t\t\t\t\t<p class=\"elementor-icon-box-description\">\n\t\t\t\t\t\t\u00c7evrim Enerji Yat\u0131r\u0131m \u00dcretim ve Ticaret A.\u015e.. ilgili t\u00fcm faaliyetlerde ihtiya\u00e7 oldu\u011fu zaman i\u015fletmede \u00e7al\u0131\u015fanlardan ve\/veya d\u0131\u015far\u0131dan hizmet al\u0131m\u0131yla uygun uzmanlardan yararlanarak i\u015f g\u00fcvenli\u011fi ko\u015fullar\u0131n\u0131 iyile\u015ftirmek i\u00e7in t\u00fcm makul ve uygulanabilir ad\u0131mlar\u0131 atacakt\u0131r. \u015eirketimiz \u015fu taahh\u00fctlerde bulunmaktad\u0131r:\t\t\t\t\t<\/p>\n\t\t\t\t\n\t\t\t<\/div>\n\t\t\t\n\t\t<\/div>\n\t\t\t\t\t\t<\/div>\n\t\t\t\t<\/div>\n\t\t\t\t<div class=\"elementor-element elementor-element-94a01d2 elementor-widget elementor-widget-icon-box\" data-id=\"94a01d2\" data-element_type=\"widget\" data-widget_type=\"icon-box.default\">\n\t\t\t\t<div class=\"elementor-widget-container\">\n\t\t\t\t\t\t\t<div class=\"elementor-icon-box-wrapper\">\n\n\t\t\t\n\t\t\t\t\t\t<div class=\"elementor-icon-box-content\">\n\n\t\t\t\t\n\t\t\t\t\t\t\t\t\t<p class=\"elementor-icon-box-description\">\n\t\t\t\t\t\t\u2022\tT\u00fcm \u00e7al\u0131\u015fanlar\u0131n, y\u00fcklenicilerin ve ziyaret\u00e7ilerin \u0130SG\u2019ni iyile\u015ftirmek i\u00e7in al\u0131nacak \u00f6nlemlerin geli\u015ftirilmesi ve desteklenmesi kapsam\u0131nda etkin kat\u0131l\u0131m\u0131n\u0131 te\u015fvik ederek bir i\u015f g\u00fcvenli\u011fi k\u00fclt\u00fcr\u00fc olu\u015fturmak\t\t\t\t\t<\/p>\n\t\t\t\t\n\t\t\t<\/div>\n\t\t\t\n\t\t<\/div>\n\t\t\t\t\t\t<\/div>\n\t\t\t\t<\/div>\n\t\t\t\t<div class=\"elementor-element elementor-element-2849c82 elementor-widget elementor-widget-icon-box\" data-id=\"2849c82\" data-element_type=\"widget\" data-widget_type=\"icon-box.default\">\n\t\t\t\t<div class=\"elementor-widget-container\">\n\t\t\t\t\t\t\t<div class=\"elementor-icon-box-wrapper\">\n\n\t\t\t\n\t\t\t\t\t\t<div class=\"elementor-icon-box-content\">\n\n\t\t\t\t\n\t\t\t\t\t\t\t\t\t<p class=\"elementor-icon-box-description\">\n\t\t\t\t\t\t\u2022\tOrganizasyon i\u00e7inde etkili \u0130SG uygulamalar\u0131n\u0131 desteklemek ve herkese ula\u015ft\u0131rmak i\u00e7in ilgili politikalar, prosed\u00fcrler, sistemler, bilgilendirme, e\u011fitim, tan\u0131t\u0131m programlar\u0131 ve organizasyonel yap\u0131lanmalar olu\u015fturmak ve s\u00fcrd\u00fcrmek\t\t\t\t\t<\/p>\n\t\t\t\t\n\t\t\t<\/div>\n\t\t\t\n\t\t<\/div>\n\t\t\t\t\t\t<\/div>\n\t\t\t\t<\/div>\n\t\t\t\t<div class=\"elementor-element elementor-element-b6906d3 elementor-widget elementor-widget-icon-box\" data-id=\"b6906d3\" data-element_type=\"widget\" data-widget_type=\"icon-box.default\">\n\t\t\t\t<div class=\"elementor-widget-container\">\n\t\t\t\t\t\t\t<div class=\"elementor-icon-box-wrapper\">\n\n\t\t\t\n\t\t\t\t\t\t<div class=\"elementor-icon-box-content\">\n\n\t\t\t\t\n\t\t\t\t\t\t\t\t\t<p class=\"elementor-icon-box-description\">\n\t\t\t\t\t\t\u2022\tY\u00fcr\u00fcrl\u00fckteki t\u00fcm \u0130SG ile ilgili mevzuat, d\u00fczenlemeler ve standartlar\u0131yla uyumlu olmak\t\t\t\t\t<\/p>\n\t\t\t\t\n\t\t\t<\/div>\n\t\t\t\n\t\t<\/div>\n\t\t\t\t\t\t<\/div>\n\t\t\t\t<\/div>\n\t\t\t\t<div class=\"elementor-element elementor-element-f804b9a elementor-widget elementor-widget-icon-box\" data-id=\"f804b9a\" data-element_type=\"widget\" data-widget_type=\"icon-box.default\">\n\t\t\t\t<div class=\"elementor-widget-container\">\n\t\t\t\t\t\t\t<div class=\"elementor-icon-box-wrapper\">\n\n\t\t\t\n\t\t\t\t\t\t<div class=\"elementor-icon-box-content\">\n\n\t\t\t\t\n\t\t\t\t\t\t\t\t\t<p class=\"elementor-icon-box-description\">\n\t\t\t\t\t\t\u2022\tKontroll\u00fc \u00e7al\u0131\u015fma i\u00e7in g\u00fcvenli \u00e7al\u0131\u015fma alan\u0131 ve donan\u0131m sa\u011flamak\t\t\t\t\t<\/p>\n\t\t\t\t\n\t\t\t<\/div>\n\t\t\t\n\t\t<\/div>\n\t\t\t\t\t\t<\/div>\n\t\t\t\t<\/div>\n\t\t\t\t<div class=\"elementor-element elementor-element-a1fdd26 elementor-widget elementor-widget-icon-box\" data-id=\"a1fdd26\" data-element_type=\"widget\" data-widget_type=\"icon-box.default\">\n\t\t\t\t<div class=\"elementor-widget-container\">\n\t\t\t\t\t\t\t<div class=\"elementor-icon-box-wrapper\">\n\n\t\t\t\n\t\t\t\t\t\t<div class=\"elementor-icon-box-content\">\n\n\t\t\t\t\n\t\t\t\t\t\t\t\t\t<p class=\"elementor-icon-box-description\">\n\t\t\t\t\t\t\u2022\t\u00c7al\u0131\u015fan personel i\u00e7in uygun \u0130SG e\u011fitimi sa\u011flamak\t\t\t\t\t<\/p>\n\t\t\t\t\n\t\t\t<\/div>\n\t\t\t\n\t\t<\/div>\n\t\t\t\t\t\t<\/div>\n\t\t\t\t<\/div>\n\t\t\t\t<div class=\"elementor-element elementor-element-c5bbbc4 elementor-widget elementor-widget-icon-box\" data-id=\"c5bbbc4\" data-element_type=\"widget\" data-widget_type=\"icon-box.default\">\n\t\t\t\t<div class=\"elementor-widget-container\">\n\t\t\t\t\t\t\t<div class=\"elementor-icon-box-wrapper\">\n\n\t\t\t\n\t\t\t\t\t\t<div class=\"elementor-icon-box-content\">\n\n\t\t\t\t\n\t\t\t\t\t\t\t\t\t<p class=\"elementor-icon-box-description\">\n\t\t\t\t\t\t\u2022\t\u0130\u015fyerindeki sa\u011fl\u0131k ve g\u00fcvenli\u011fi geli\u015ftirmek i\u00e7in y\u0131ll\u0131k bir \u0130SG program\u0131 olu\u015fturmak\t\t\t\t\t<\/p>\n\t\t\t\t\n\t\t\t<\/div>\n\t\t\t\n\t\t<\/div>\n\t\t\t\t\t\t<\/div>\n\t\t\t\t<\/div>\n\t\t\t\t<div class=\"elementor-element elementor-element-8ab0237 elementor-widget elementor-widget-icon-box\" data-id=\"8ab0237\" data-element_type=\"widget\" data-widget_type=\"icon-box.default\">\n\t\t\t\t<div class=\"elementor-widget-container\">\n\t\t\t\t\t\t\t<div class=\"elementor-icon-box-wrapper\">\n\n\t\t\t\n\t\t\t\t\t\t<div class=\"elementor-icon-box-content\">\n\n\t\t\t\t\n\t\t\t\t\t\t\t\t\t<p class=\"elementor-icon-box-description\">\n\t\t\t\t\t\t\u2022\t\u0130SG performans\u0131n\u0131 s\u00fcrekli olarak iyile\u015ftirmek i\u00e7in yeterli kaynak ay\u0131rmak\t\t\t\t\t<\/p>\n\t\t\t\t\n\t\t\t<\/div>\n\t\t\t\n\t\t<\/div>\n\t\t\t\t\t\t<\/div>\n\t\t\t\t<\/div>\n\t\t\t\t<div class=\"elementor-element elementor-element-928ce14 elementor-widget elementor-widget-icon-box\" data-id=\"928ce14\" data-element_type=\"widget\" data-widget_type=\"icon-box.default\">\n\t\t\t\t<div class=\"elementor-widget-container\">\n\t\t\t\t\t\t\t<div class=\"elementor-icon-box-wrapper\">\n\n\t\t\t\n\t\t\t\t\t\t<div class=\"elementor-icon-box-content\">\n\n\t\t\t\t\n\t\t\t\t\t\t\t\t\t<p class=\"elementor-icon-box-description\">\n\t\t\t\t\t\t\u2022\t\u00c7al\u0131\u015fanlar i\u00e7in d\u00fczenli olarak sa\u011fl\u0131k g\u00f6zetimi sa\u011flamak\t\t\t\t\t<\/p>\n\t\t\t\t\n\t\t\t<\/div>\n\t\t\t\n\t\t<\/div>\n\t\t\t\t\t\t<\/div>\n\t\t\t\t<\/div>\n\t\t\t\t<div class=\"elementor-element elementor-element-c1f2d41 elementor-widget elementor-widget-icon-box\" data-id=\"c1f2d41\" data-element_type=\"widget\" data-widget_type=\"icon-box.default\">\n\t\t\t\t<div class=\"elementor-widget-container\">\n\t\t\t\t\t\t\t<div class=\"elementor-icon-box-wrapper\">\n\n\t\t\t\n\t\t\t\t\t\t<div class=\"elementor-icon-box-content\">\n\n\t\t\t\t\n\t\t\t\t\t\t\t\t\t<p class=\"elementor-icon-box-description\">\n\t\t\t\t\t\t\u2022\tT\u00fcm olaylara aktif olarak m\u00fcdahale etmek, bunlar\u0131 soru\u015fturmak ve yaralanan \u00e7al\u0131\u015fanlar\u0131n uygun i\u015flere, hak taleplerinin adil y\u00f6netimi ve rehabilitasyon uygulamalar\u0131 yoluyla ilk f\u0131rsatta geri d\u00f6nmesini sa\u011flamak\t\t\t\t\t<\/p>\n\t\t\t\t\n\t\t\t<\/div>\n\t\t\t\n\t\t<\/div>\n\t\t\t\t\t\t<\/div>\n\t\t\t\t<\/div>\n\t\t\t\t<div class=\"elementor-element elementor-element-4d98f3d elementor-widget elementor-widget-icon-box\" data-id=\"4d98f3d\" data-element_type=\"widget\" data-widget_type=\"icon-box.default\">\n\t\t\t\t<div class=\"elementor-widget-container\">\n\t\t\t\t\t\t\t<div class=\"elementor-icon-box-wrapper\">\n\n\t\t\t\n\t\t\t\t\t\t<div class=\"elementor-icon-box-content\">\n\n\t\t\t\t\n\t\t\t\t\t\t\t\t\t<p class=\"elementor-icon-box-description\">\n\t\t\t\t\t\t\u00c7evrim Enerji Yat\u0131r\u0131m \u00dcretim ve Ticaret A.\u015e.. i\u00e7 standartlar, politikalar ve prosed\u00fcrlerin yan\u0131 s\u0131ra i\u015f sa\u011fl\u0131\u011f\u0131 ve g\u00fcvenli\u011fi uygulamalar\u0131 a\u00e7\u0131s\u0131ndan d\u0131\u015f kaynakl\u0131 ba\u011flay\u0131c\u0131 kurallar ve kanunlar, ba\u011fl\u0131 bulunulan kurumlar, sanayi odalar\u0131 nezdinde \u00f6rnek bir \u015firket haline getirmeyi kurulmu\u015f ve y\u00fcr\u00fct\u00fclmekte olan \u0130SG Y\u00f6netim Sistemimizin s\u00fcreklili\u011fini sa\u011flamay\u0131 \u0130SG politikam\u0131z olarak taahh\u00fct ederiz. \t\t\t\t\t<\/p>\n\t\t\t\t\n\t\t\t<\/div>\n\t\t\t\n\t\t<\/div>\n\t\t\t\t\t\t<\/div>\n\t\t\t\t<\/div>\n\t\t\t\t\t<\/div>\n\t\t<\/div>\n\t\t\t\t\t<\/div>\n\t\t<\/section>\n\t\t\t\t<section class=\"elementor-section elementor-top-section elementor-element elementor-element-794a35f elementor-section-boxed elementor-section-height-default elementor-section-height-default\" data-id=\"794a35f\" data-element_type=\"section\">\n\t\t\t\t\t\t<div class=\"elementor-container elementor-column-gap-default\">\n\t\t\t\t\t<div class=\"elementor-column elementor-col-100 elementor-top-column elementor-element elementor-element-89a9086\" data-id=\"89a9086\" data-element_type=\"column\">\n\t\t\t<div class=\"elementor-widget-wrap\">\n\t\t\t\t\t\t\t<\/div>\n\t\t<\/div>\n\t\t\t\t\t<\/div>\n\t\t<\/section>\n\t\t\t\t<section class=\"elementor-section elementor-top-section elementor-element elementor-element-fdb1e5e elementor-section-boxed elementor-section-height-default elementor-section-height-default\" data-id=\"fdb1e5e\" data-element_type=\"section\" data-settings=\"{&quot;shape_divider_top&quot;:&quot;opacity-tilt&quot;,&quot;background_background&quot;:&quot;classic&quot;}\">\n\t\t\t\t\t\t\t<div class=\"elementor-background-overlay\"><\/div>\n\t\t\t\t\t\t<div class=\"elementor-shape elementor-shape-top\" aria-hidden=\"true\" data-negative=\"false\">\n\t\t\t<svg xmlns=\"http:\/\/www.w3.org\/2000\/svg\" viewBox=\"0 0 2600 131.1\" preserveAspectRatio=\"none\">\n\t<path class=\"elementor-shape-fill\" d=\"M0 0L2600 0 2600 69.1 0 0z\"\/>\n\t<path class=\"elementor-shape-fill\" style=\"opacity:0.5\" d=\"M0 0L2600 0 2600 69.1 0 69.1z\"\/>\n\t<path class=\"elementor-shape-fill\" style=\"opacity:0.25\" d=\"M2600 0L0 0 0 130.1 2600 69.1z\"\/>\n<\/svg>\t\t<\/div>\n\t\t\t\t\t<div class=\"elementor-container elementor-column-gap-no\">\n\t\t\t\t\t<div class=\"elementor-column elementor-col-100 elementor-top-column elementor-element elementor-element-ad7e385\" data-id=\"ad7e385\" data-element_type=\"column\" data-settings=\"{&quot;background_background&quot;:&quot;gradient&quot;}\">\n\t\t\t<div class=\"elementor-widget-wrap elementor-element-populated\">\n\t\t\t\t\t\t<div class=\"elementor-element elementor-element-9924f6e elementor-widget elementor-widget-icon-box\" data-id=\"9924f6e\" data-element_type=\"widget\" data-widget_type=\"icon-box.default\">\n\t\t\t\t<div class=\"elementor-widget-container\">\n\t\t\t\t\t\t\t<div class=\"elementor-icon-box-wrapper\">\n\n\t\t\t\n\t\t\t\t\t\t<div class=\"elementor-icon-box-content\">\n\n\t\t\t\t\t\t\t\t\t<h2 class=\"elementor-icon-box-title\">\n\t\t\t\t\t\t<span  >\n\t\t\t\t\t\t\t\u0130leti\u015fim Formu\t\t\t\t\t\t<\/span>\n\t\t\t\t\t<\/h2>\n\t\t\t\t\n\t\t\t\t\t\t\t\t\t<p class=\"elementor-icon-box-description\">\n\t\t\t\t\t\tSoru ve d\u00fc\u015f\u00fcnceleriniz i\u00e7in bizimle irtibata ge\u00e7eblirsiniz.\t\t\t\t\t<\/p>\n\t\t\t\t\n\t\t\t<\/div>\n\t\t\t\n\t\t<\/div>\n\t\t\t\t\t\t<\/div>\n\t\t\t\t<\/div>\n\t\t\t\t<div class=\"elementor-element elementor-element-8098feb elementor-widget elementor-widget-wpforms\" data-id=\"8098feb\" data-element_type=\"widget\" data-widget_type=\"wpforms.default\">\n\t\t\t\t<div class=\"elementor-widget-container\">\n\t\t\t\t\t<div class=\"wpforms-container inline-fields\" id=\"wpforms-12\"><form id=\"wpforms-form-12\" class=\"wpforms-validate wpforms-form\" data-formid=\"12\" method=\"post\" enctype=\"multipart\/form-data\" action=\"\/index.php\/wp-json\/wp\/v2\/pages\/1067\" data-token=\"063adca6c8f1ed350af692e3e9b56e23\" data-token-time=\"1775655951\"><noscript class=\"wpforms-error-noscript\">Bu formu bitirebilmek i\u00e7in taray\u0131c\u0131n\u0131zda JavaScript&#039;i etkinle\u015ftirin.<\/noscript><div class=\"wpforms-field-container\"><div id=\"wpforms-12-field_0-container\" class=\"wpforms-field wpforms-field-name\" data-field-id=\"0\"><label class=\"wpforms-field-label wpforms-label-hide\" for=\"wpforms-12-field_0\">Name <span class=\"wpforms-required-label\">*<\/span><\/label><input type=\"text\" id=\"wpforms-12-field_0\" class=\"wpforms-field-medium wpforms-field-required\" name=\"wpforms[fields][0]\" placeholder=\"Ad\u0131n\u0131z Soyad\u0131n\u0131z\" required><\/div><div id=\"wpforms-12-field_4-container\" class=\"wpforms-field wpforms-field-text\" data-field-id=\"4\"><label class=\"wpforms-field-label wpforms-label-hide\" for=\"wpforms-12-field_4\">Telefon Numaran\u0131z<\/label><input type=\"text\" id=\"wpforms-12-field_4\" class=\"wpforms-field-medium\" name=\"wpforms[fields][4]\" placeholder=\"Telefon Numaran\u0131z\" ><\/div><\/div><!-- .wpforms-field-container --><div class=\"wpforms-submit-container\" ><input type=\"hidden\" name=\"wpforms[id]\" value=\"12\"><input type=\"hidden\" name=\"page_title\" value=\"\"><input type=\"hidden\" name=\"page_url\" value=\"https:\/\/sileres.com\/index.php\/wp-json\/wp\/v2\/pages\/1067\"><input type=\"hidden\" name=\"url_referer\" value=\"\"><button type=\"submit\" name=\"wpforms[submit]\" id=\"wpforms-submit-12\" class=\"wpforms-submit\" data-alt-text=\"G\u00f6nderiliyor...\" data-submit-text=\"G\u00f6nder\" aria-live=\"assertive\" value=\"wpforms-submit\">G\u00f6nder<\/button><\/div><\/form><\/div>  <!-- .wpforms-container -->\t\t\t\t<\/div>\n\t\t\t\t<\/div>\n\t\t\t\t\t<\/div>\n\t\t<\/div>\n\t\t\t\t\t<\/div>\n\t\t<\/section>\n\t\t\t\t<\/div>\n\t\t","protected":false},"excerpt":{"rendered":"<p>\u0130SG Politikam\u0131z \u0130SG Politikam\u0131z \u00c7evrim Enerji Yat\u0131r\u0131m \u00dcretim ve Ticaret A.\u015e.. t\u00fcm \u00e7al\u0131\u015fanlar, y\u00fckleniciler ve di\u011fer ziyaret\u00e7iler de d\u00e2hil olmak \u00fczere i\u015fyerinde bulunan herkesin sa\u011fl\u0131k, g\u00fcvenlik ve refah\u0131n\u0131 sa\u011flamay\u0131 taahh\u00fct eder. Bu kapsamdaki taahh\u00fcd\u00fcn\u00fc organizasyon dahilindeki ilgili t\u00fcm faaliyetlerle birle\u015ftirdi\u011fi sa\u011fl\u0131k ve g\u00fcvenlik sistemi yoluyla g\u00f6stermektedir. \u00c7evrim Enerji Yat\u0131r\u0131m \u00dcretim ve Ticaret A.\u015e.. i\u00e7erisinde \u00e7al\u0131\u015fanlar, &hellip;<\/p>\n<p class=\"read-more\"> <a class=\"\" href=\"https:\/\/sileres.com\/index.php\/isg-politikamiz\/\"> <span class=\"screen-reader-text\">\u0130sg Politikam\u0131z<\/span> Devam\u0131 &raquo;<\/a><\/p>\n","protected":false},"author":1,"featured_media":0,"parent":0,"menu_order":0,"comment_status":"closed","ping_status":"closed","template":"","meta":{"site-sidebar-layout":"no-sidebar","site-content-layout":"page-builder","ast-global-header-display":"","ast-banner-title-visibility":"","ast-main-header-display":"","ast-hfb-above-header-display":"","ast-hfb-below-header-display":"","ast-hfb-mobile-header-display":"","site-post-title":"disabled","ast-breadcrumbs-content":"disabled","ast-featured-img":"disabled","footer-sml-layout":"","theme-transparent-header-meta":"enabled","adv-header-id-meta":"","stick-header-meta":"","header-above-stick-meta":"","header-main-stick-meta":"","header-below-stick-meta":"","footnotes":""},"class_list":["post-1067","page","type-page","status-publish","hentry"],"_links":{"self":[{"href":"https:\/\/sileres.com\/index.php\/wp-json\/wp\/v2\/pages\/1067","targetHints":{"allow":["GET"]}}],"collection":[{"href":"https:\/\/sileres.com\/index.php\/wp-json\/wp\/v2\/pages"}],"about":[{"href":"https:\/\/sileres.com\/index.php\/wp-json\/wp\/v2\/types\/page"}],"author":[{"embeddable":true,"href":"https:\/\/sileres.com\/index.php\/wp-json\/wp\/v2\/users\/1"}],"replies":[{"embeddable":true,"href":"https:\/\/sileres.com\/index.php\/wp-json\/wp\/v2\/comments?post=1067"}],"version-history":[{"count":22,"href":"https:\/\/sileres.com\/index.php\/wp-json\/wp\/v2\/pages\/1067\/revisions"}],"predecessor-version":[{"id":1281,"href":"https:\/\/sileres.com\/index.php\/wp-json\/wp\/v2\/pages\/1067\/revisions\/1281"}],"wp:attachment":[{"href":"https:\/\/sileres.com\/index.php\/wp-json\/wp\/v2\/media?parent=1067"}],"curies":[{"name":"wp","href":"https:\/\/api.w.org\/{rel}","templated":true}]}}